{"id":6522,"date":"2020-05-03T11:06:38","date_gmt":"2020-05-03T09:06:38","guid":{"rendered":"https:\/\/visitnordmaling.se\/?page_id=6522"},"modified":"2020-09-02T14:13:29","modified_gmt":"2020-09-02T12:13:29","slug":"vaxtligheten-i-nordmaling-ett-land-med-tva-ansikten","status":"publish","type":"page","link":"https:\/\/visitnordmaling.se\/de\/guiden\/vaxtligheten-i-nordmaling-ett-land-med-tva-ansikten\/","title":{"rendered":"Die Vegetation in Nordmaling - ein Land mit zwei Gesichtern"},"content":{"rendered":"<h5>Von Stefan Ericsson<\/h5>\r\n<blockquote>Der Artikel wurde in den 2006 ver\u00f6ffentlichten Naturf\u00fchrer und das Feldhandbuch von Nordmaling aufgenommen.<\/blockquote>\r\n\r\n\r\n\r\n<p>&nbsp;<\/p>\r\n<p>Die Gemeinde Nordmaling kann grob in zwei Zonen mit ganz unterschiedlichen Vegetationsbedingungen unterteilt werden: die Bottnische K\u00fcstenebene im S\u00fcdosten und das Norrland-Gel\u00e4nde im Nordwesten. Neben der Kreisgrenze im S\u00fcdwesten ist die Grenze zwischen den Zonen gestochen scharf und geht direkt ins Meer hinaus. Wenn Sie nach der E4 nach Norden fahren, wird diese Grenze kurz nach der Ausfahrt in Richtung Ava \u00fcberschritten, und die Landschaft \u00e4ndert sich wie von Zauberhand. Sie lassen die letzten Au\u00dfenposten der &quot;High Coast-Nature&quot; hinter sich und ein Panorama \u00f6ffnet sich mit einer viel sch\u00f6neren Landschaft. W\u00e4hrend der weiteren Reise sehen Sie, wie sich die steilen Berge immer weiter ins Landesinnere erstrecken, und wenn Sie schlie\u00dflich die Grenze zu Ume\u00e5 erreichen, haben Sie sie l\u00e4ngst aus den Augen verloren. Die K\u00fcstenebene reicht ein paar Meilen landeinw\u00e4rts, aber wenn das Land allm\u00e4hlicher ansteigt, ist seine innere Grenze diffus und hier schwieriger zu zeichnen.<\/p>\r\n\r\n\r\n\r\n<p>Die K\u00fcstenebene ist gr\u00f6\u00dftenteils mager und eint\u00f6nig mit einem schlechten Ra ora. Der Grund ist das saure Gneisgrundgestein mit der Ansammlung von ebenso saurer Mor\u00e4ne und die Tatsache, dass der Boden kaum abf\u00e4llt. Ein solcher Boden wird normalerweise aus N\u00e4hrstoffen ausgelaugt und es fehlen die Bedingungen f\u00fcr eine reichhaltigere Vegetation. In Norrlandsterr\u00e4ngen hingegen, wo das Grundgestein etwas abwechslungsreicher ist und die Landschaft gro\u00dfe H\u00f6henunterschiede aufweist, findet man ein Mosaik mit sowohl reicher als auch armer Vegetation: Reich an den abfallenden H\u00e4ngen, an denen die Grundwasserbewegung die H\u00e4nge ausf\u00fchrt, entsteht Schaufeln, oder wo grundlegendere Gesteine, im Volksmund &quot;Gr\u00fcnstein&quot; genannt, die Bodenreaktion weniger sauer machen; arm auf den K\u00e4mmen, die w\u00e4hrend der Phasen, in denen die K\u00e4mme das Ufer bildeten, als das Land langsam aus dem Meer aufstieg, von Wellen kaltgewaschen wurden. In den inneren Teilen der Gemeinde, wo die K\u00e4mme so hoch sind, dass sie noch nie von den Wellen des Meeres erreicht wurden, dh oberhalb der sogenannten h\u00f6chsten K\u00fcste, sind die H\u00f6hen von einer nicht geretteten Mor\u00e4ne bedeckt, die wiederum Bedingungen f\u00fcr eine lokale Mor\u00e4ne bietet reiche Flora. Das Waldland in der K\u00fcstenebene ist im Allgemeinen mit Reis wie Preiselbeeren und Blaubeeren bedeckt, w\u00e4hrend es nur wenige Kr\u00e4uter und nur wenige Gras gibt. Die Moore sind flach und werden von getufteter Wolle, Wiesenwolle und einigen Staren dominiert. Reismoose mit kugelf\u00f6rmigen Katarakten, Odon, K\u00fcrbis, Moltebeeren, Zwergbirke und an den R\u00e4ndern gebunden sind h\u00e4ufig. Mit Ausnahme der Flusst\u00e4ler und des Dorfes wird der reichste Flor in der Ebene normalerweise von B\u00e4chen gefunden. Fr\u00fcher gab es hier auch viele Sumpfw\u00e4lder, von denen angenommen werden kann, dass sie eine interessante Flora hatten. Da jedoch fast das gesamte Land ausgegraben wurde, sind solche W\u00e4lder heute sehr selten. Ein verbleibender Sumpfwald, L\u00e5ngrumpskogen s\u00fcdwestlich von Torrb\u00f6le, wurde als Reservat reserviert, aber die Gef\u00e4\u00dfpflanze und Oran dort enth\u00e4lt kaum etwas Bemerkenswertes.<\/p>\r\n\r\n\r\n\r\n<p>Innerhalb des Norrland-Gel\u00e4ndes ist das ora ora des Waldlandes vielf\u00e4ltiger. Die anspruchsvolleren Arten Eichenrinde und Mittsommerbl\u00fcten sind h\u00e4ufig, und der Kr\u00e4utergehalt ist gr\u00f6\u00dfer. In den oft feuchten Nordh\u00e4ngen gibt es viele Farne und gro\u00dfe D\u00fcrrepopulationen. S\u00fcdlich von Ava w\u00e4chst dieses Kraut, von vielen f\u00e4lschlicherweise als Bergpflanze bezeichnet, entlang von B\u00e4chen bis hinunter zum Meer. In den klimatisch g\u00fcnstigeren S\u00fcdh\u00e4ngen kommen im Allgemeinen hitzeintensive Arten wie Uhu, Wels, Zaubertraube und Nachtviolett vor, und an einigen Stellen um Mullsj\u00f6 und H\u00f6rnsj\u00f6 sogar wei\u00dfe Anemonen. Die Moore sind oft abfallend und abfallende Moore sind fast immer reicher als flach. Tats\u00e4chliche reiche Moore fehlen jedoch vollst\u00e4ndig in der Gemeinde.<\/p>\r\n\r\n\r\n\r\n<h5>Der Meeresstrand<\/h5>\r\n\r\n\r\n\r\n<p>Die K\u00fcstenebene mag d\u00fcnn sein, aber n\u00e4her am Meer passiert etwas. Die K\u00fcste selbst, die in Nordmaling flockig ist und eine kleine Archipelgrenze hat, bedeutet fast eine Explosion des Artenreichtums. Verschiedene Strandtypen wechseln sich ab: exponierte Str\u00e4nde mit Felsen oder h\u00e4ufiger mit Bl\u00f6cken wechseln sich mit gesch\u00fctzten Buchten mit reichhaltiger Wasserflora und breiten Strandwiesen ab, und jeder Strandtyp hat seine eigene Flora. An der Hochwassermarke bilden sich au\u00dferdem stellenweise Driftb\u00f6schungen aus erbrochenem Blasen- und Blasentang, die einen N\u00e4hrboden f\u00fcr eine Reihe von Arten bilden, die ein n\u00e4hrstoffreiches Substrat ben\u00f6tigen. In einigen Jahren, wenn Wind und Str\u00f6mung die richtigen waren, k\u00f6nnen Sie auf den Deichen auch Pflanzen von Ferng\u00e4sten finden, die wie Samen und H\u00f6hlen treiben, z. vejde, marviol und \ufb02 Ihre schwer zu bestimmenden Ziele. Das Land erhebt sich immer noch aus dem Meer, so dass sich kontinuierlich Moore und Sumpfw\u00e4lder bilden. Die Moore sind anfangs ziemlich reichhaltig, werden aber schnell aus den N\u00e4hrstoffen ausgelaugt und wenden sich bald den trivialeren zu. An fast allen Str\u00e4nden r\u00fcckt gleichzeitig eine Grenze aus grauem Aal vor, oder wie auf Drivan, Klibbal, und innerhalb dieser Aalgrenze ist Floran sehr reich. Dies ist auf die Verschwendung von N\u00e4hrstoffen zur\u00fcckzuf\u00fchren, die die Erle bietet, bevor sie nach einer einzigen Generation dem fortgeschrittenen Wald Platz macht, der eigentlich ein junger Urwald ist.<\/p>\r\n\r\n\r\n\r\n<p>Die Alarna mit ihren stickstoffausdehnenden Verb\u00fcndeten in speziellen Knollen sind genau darauf abgestimmt: Neuland zu \u00fcbernehmen und Boden zu schaffen. Kein anderer Baum kann damit umgehen, und deshalb sollten Sie Angst vor den Adlern an den Str\u00e4nden haben. Ja, wenn die Wahrheit gesagt werden soll, gibt es in Nordmaling auch einen speziellen Strauch, der auch konsten Luftstickstoff aus\u00fcben kann, n\u00e4mlich Sanddorn, aber normalerweise nur kleine Gebiete auf freiliegenden Landzungen einnimmt. Das Verdienst des Sanddorns besteht also nicht darin, Erde zu bilden, sondern in den wunderbaren, sauren Beeren, die so heimt\u00fcckisch schwer zu pfl\u00fccken sind.<\/p>\r\n\r\n\r\n\r\n<p>Die Strandflora von Nordmaling ist nicht nur in Bezug auf die K\u00fcstenebene im Allgemeinen reich, sondern auch in Bezug auf die steilere K\u00fcste im \u00fcbrigen \u00c5ngermanland. Tats\u00e4chlich muss man den ganzen Weg nach G\u00e4vlebukten hinunterfahren, um Str\u00e4nde mit dem gleichen Artenreichtum zu finden. Einige ungew\u00f6hnliche Strandarten haben hier auch ihre n\u00f6rdliche oder s\u00fcdliche Grenze, weshalb Nordmaling in dieser Hinsicht bevorzugt wird. Dar\u00fcber hinaus gibt es hier eine Spezialit\u00e4t: eine Art, die derzeit ihren einzigen bekannten schwedischen Lebensraum innerhalb der Gemeindegrenzen hat - den arktischen Schachtelhalm. Nach der Eiszeit blieb eine Population dieser arktischen Pflanze in der n\u00f6rdlichen Ostsee, haupts\u00e4chlich entlang der englischen K\u00fcste, aber die bekannten schwedischen Populationen waren alle klein und schlie\u00dflich ausgestorben. Die Freude war daher gro\u00df, als der Schachtelhalm der Arktis 1996 in Njurviken und Inneravan \u00f6stlich von Kron\u00f6ren als Schwede wiederentdeckt wurde. Um zu gedeihen, braucht ein arktischer Pferdeschwanz eine gesch\u00fctzte Brackwasserbucht mit einem sehr weichen Boden. Durch die Landhebung werden solche Buchten jedoch schlie\u00dflich vom Meer verengt und zu Seen oder Mooren. Daher muss das dort gefundene Ra ora, das eine ganze Reihe von Arten umfasst, auf die Oberfl\u00e4che vorbereitet werden. Die Buchten des arktischen Schachtelhalms sind immer noch mit dem Meer verbunden, daher f\u00fchlt es sich immer noch gut an und scheint sogar zugenommen zu haben, aber auf lange Sicht ist es zum Verschwinden verurteilt.<\/p>\r\n\r\n\r\n\r\n<h5>\u00c4lvdalarna<\/h5>\r\n\r\n\r\n\r\n<p>Die Gemeinde ist mit zwei fast unber\u00fchrten Waldfl\u00fcssen gesegnet, L\u00f6gde\u00e4lven und \u00d6re\u00e4lven. Die Flusst\u00e4ler der Flusst\u00e4ler weichen von der Umgebung ab, und die Fl\u00fcsse erh\u00f6hen somit den Artenreichtum sowohl innerhalb des Norrland-Gel\u00e4ndes als auch in der K\u00fcstenebene erheblich. Viele Arten kommen in der Gemeinde nur in der abwechselnden Uferzone der Fl\u00fcsse vor, insbesondere bei Stromschnellen. Wenn der nat\u00fcrliche Wasserstandsrhythmus der Fl\u00fcsse besch\u00e4digt w\u00fcrde, w\u00fcrden einige dieser Pflanzen verschwinden. Einige Arten entlang der Fl\u00fcsse sind auch direkt ungew\u00f6hnlich, z. Der Spross und der Flusssalat des K\u00f6nigs Karl, der an beiden Fl\u00fcssen vorkommt, letzterer ist jedoch am Fluss L\u00f6gde ungew\u00f6hnlich. Die besondere Flusspflanze ist die Mandelweide, die im Landkreis V\u00e4sterbotten nur am Fluss \u00d6re zu finden ist.<\/p>\r\n\r\n\r\n\r\n<p>Innerhalb des Norrland-Gel\u00e4ndes sind die Flussl\u00e4ufe tief eingeschnitten und die Talseiten von tiefen Schluchten begrenzt. In den Schluchtenb\u00f6den gibt es oft einen hainartigen Laubwald mit \u00fcppiger Vegetation, und hier, besonders entlang der L\u00f6gde zwischen Norrfors und Hyngelsb\u00f6le, gibt es ungew\u00f6hnlichere Arten wie Sommergerste, Koes und St\u00f6r. Die M\u00fcndung der L\u00f6gde ist kanalisiert und aus botanischer Sicht eher uninteressant, w\u00e4hrend das \u00d6re-Delta freier und wilder ist mit breiten Laubw\u00e4ldern und alten Fl\u00fcssen mit reicherer Flora.<\/p>\r\n\r\n\r\n\r\n<h5>Die Felder der Kultur<\/h5>\r\n\r\n\r\n\r\n<p>Es ist nicht leicht vorstellbar, wie Nordmaling aussehen w\u00fcrde, wenn alle Spuren der Kultur pl\u00f6tzlich verschwinden w\u00fcrden, und dies gilt nicht zuletzt f\u00fcr die Vegetation. Ein gro\u00dfer Teil der Pflanzenarten, die wir f\u00fcr offensichtlich und v\u00f6llig nat\u00fcrlich halten, w\u00fcrde pl\u00f6tzlich fehlen. Arten wie G\u00e4nsebl\u00fcmchen, Rotklee, Timothy, Brennnessel und einige hundert weitere Pflanzen der Gemeinde sind in der Tat lebendige kulturelle Spuren ohne eigentlichen Wohnsitz in unserer Flora. Eines ist sicher: Wenn diese Pflanzen hier nicht gefunden w\u00fcrden, w\u00fcrde die K\u00fcste noch deutlicher als die artenreichste der Gemeinde hervorstechen. F\u00fcr die Kulturlandpflanzen geh\u00f6ren vor allem die K\u00fcstenebene und die Flusst\u00e4ler mit Au\u00dfenposten in Kulturgebieten und \u00e4lteren Sommerweiden, die im Norrland-Gel\u00e4nde verstreut sind. Einige der Arten, die wir heute am ehesten als kulturelle Anh\u00e4nger betrachten, kommen jedoch wahrscheinlich urspr\u00fcnglich im Archipel vor. Das graue Nest, der Rentierf\u00e4cher und die Tr\u00fcmmer im Vogelschutzgebiet waren h\u00f6chstwahrscheinlich schon da, bevor der Anbau auf das Land kam.<\/p>\r\n\r\n\r\n\r\n<p>Es ist jetzt nicht nur der Anbau, der dazu gef\u00fchrt hat, dass neue Arten hierher kommen, viele haben sich per Transport auf H\u00e4fen, Eisenbahnbanken und Stra\u00dfenr\u00e4nder ausgebreitet. Noch heute sind Neuank\u00f6mmlinge auf Stra\u00dfen, auf Ackerland und fast \u00fcberall dort verteilt, wo Menschen anwesend sind. Diese Pflanzen k\u00f6nnen entweder aktiv eingef\u00fchrt werden, z. durch Aussaat an Stra\u00dfenr\u00e4ndern oder als Flucht aus G\u00e4rten oder passiv eingef\u00fchrt werden, z. als Unkraut, als Verschmutzung in Grassamen, als &quot;Anhalter&quot; in Bodentransporten oder auf Fahrzeugen.<\/p>\r\n\r\n\r\n\r\n<h5>Flora ver\u00e4ndert sich<\/h5>\r\n\r\n\r\n\r\n<p>Eine Aussage, die seltsam erscheinen mag, ist, dass es in Nordmaling wahrscheinlich noch nie so viele Gef\u00e4\u00dfpflanzenarten gegeben hat wie heute, obwohl viele Pflanzen jetzt vom Aussterben bedroht sind. Die These scheint schwer zu beweisen zu sein, da noch nie eine vollst\u00e4ndige \u00dcberpr\u00fcfung der ora der Gemeinde vorgenommen wurde. Um dies zu beweisen, k\u00f6nnte man in Betracht ziehen, von Artedis ber\u00fchmter Pflanzenliste um Nordmaling aus dem Jahr 1729 auszugehen (siehe Fries 1985), aber leider ist seine Beschreibung so fragmentarisch, dass sie f\u00fcr einen Vergleich nicht ausreicht. Wir m\u00fcssen daher auch Informationen aus dem verwenden, was \u00fcber die Arten der Gemeinde aus anderen Teilen Schwedens bekannt ist.<\/p>\r\n<p>Tats\u00e4chlich kommt der Oran nie ins Gleichgewicht: Es findet st\u00e4ndig ein langsamer Wandel statt, und der kulturelle Oran ver\u00e4ndert sich am schnellsten. Die Ver\u00e4nderungen im nat\u00fcrlichen Dock Oran treten jedoch so langsam auf, dass man sie in unserem Vergleich ignorieren kann. Obwohl die Zahl der vermuteten nat\u00fcrlichen Arten zugenommen hat, kann kaum nachgewiesen werden, dass innerhalb der Gemeindegrenzen ausgestorben ist, und die meisten der in den letzten Jahren hinzugef\u00fcgten Arten wurden wahrscheinlich nur in den meisten F\u00e4llen \u00fcbersehen. Wir z\u00e4hlen daher auf den Status Quo f\u00fcr den Originalfloran. Der menschliche Begleiter bleibt dann \u00fcbrig, von dem eine gro\u00dfe Anzahl von Arten erst lange nach Artedis Verfassen seiner Liste ins Land gelangte. Beispiele sind alle Pflanzen, die hier im Zusammenhang mit den gro\u00dfen Holzexporten des 19. Jahrhunderts, dem Kauf von Saatgut usw. \u00fcber Eisenbahn, Auto, Ballasttransport verbreitet wurden, Ausbreitungsmethoden, die vor weniger als 200 Jahren unbekannt waren, und neue Arten st\u00e4ndig gefunden werden.<\/p>\r\n<p>Viele der Pflanzen, die zu Beginn des Verkehrsbooms eingef\u00fchrt wurden, konnten in Nordmaling nicht \u00fcberleben und haben daher nie Wurzeln geschlagen, andere wurden \u00fcblich und f\u00fchlen sich vertraut, z. Garbensamen und Kamille. Es gibt aber auch einige Arten, die uns per se erfasst haben, aber Schwierigkeiten hatten, sich weiter auszubreiten, und die sich normalerweise genau auf dem Gel\u00e4nde befinden, in das sie urspr\u00fcnglich eingef\u00fchrt wurden. Solche Orte, z.B. Notholmen und Olofsfors sollten als lebendige Kulturdenkm\u00e4ler \u00fcber dem orangefarbenen Wandel betrachtet werden und sind oft interessant genug, um sie genauer zu betrachten.<\/p>\r\n\r\n\r\n\r\n\r\n\r\n\r\n\r\n<p><strong>Stefan Ericsson<\/strong>, Direktor des Herbatium UME an der Universit\u00e4t Ume\u00e5 und Vorsitzender der V\u00e4sterbotten County Botanical Society.<\/p>","protected":false},"excerpt":{"rendered":"<p>Von Stefan Ericsson Der Artikel wurde in Nordmalings Naturf\u00fchrer und Feldhandbuch aufgenommen, das 2006 ver\u00f6ffentlicht wurde. Die Gemeinde Nordmaling kann grob in zwei Zonen mit sehr unterschiedlichen Vegetationsbedingungen unterteilt werden: die bottnische K\u00fcstenebene im S\u00fcdosten und das Norrland-Terrain im Nordwesten . Neben der Kreisgrenze im S\u00fcdwesten ist die Grenze zwischen den Zonen messerscharf und geht bis aufs Meer hinaus. Beim Reisen\u2026<\/p>","protected":false},"author":1,"featured_media":6137,"parent":6393,"menu_order":0,"comment_status":"closed","ping_status":"closed","template":"","meta":[],"_links":{"self":[{"href":"https:\/\/visitnordmaling.se\/de\/wp-json\/wp\/v2\/pages\/6522"}],"collection":[{"href":"https:\/\/visitnordmaling.se\/de\/wp-json\/wp\/v2\/pages"}],"about":[{"href":"https:\/\/visitnordmaling.se\/de\/wp-json\/wp\/v2\/types\/page"}],"author":[{"embeddable":true,"href":"https:\/\/visitnordmaling.se\/de\/wp-json\/wp\/v2\/users\/1"}],"replies":[{"embeddable":true,"href":"https:\/\/visitnordmaling.se\/de\/wp-json\/wp\/v2\/comments?post=6522"}],"version-history":[{"count":5,"href":"https:\/\/visitnordmaling.se\/de\/wp-json\/wp\/v2\/pages\/6522\/revisions"}],"predecessor-version":[{"id":7763,"href":"https:\/\/visitnordmaling.se\/de\/wp-json\/wp\/v2\/pages\/6522\/revisions\/7763"}],"up":[{"embeddable":true,"href":"https:\/\/visitnordmaling.se\/de\/wp-json\/wp\/v2\/pages\/6393"}],"wp:featuredmedia":[{"embeddable":true,"href":"https:\/\/visitnordmaling.se\/de\/wp-json\/wp\/v2\/media\/6137"}],"wp:attachment":[{"href":"https:\/\/visitnordmaling.se\/de\/wp-json\/wp\/v2\/media?parent=6522"}],"curies":[{"name":"wp","href":"https:\/\/api.w.org\/{rel}","templated":true}]}}