{"id":8241,"date":"2020-09-23T13:54:55","date_gmt":"2020-09-23T11:54:55","guid":{"rendered":"https:\/\/visitnordmaling.se\/?page_id=8241"},"modified":"2020-09-23T14:00:48","modified_gmt":"2020-09-23T12:00:48","slug":"tillganglig","status":"publish","type":"page","link":"https:\/\/visitnordmaling.se\/de\/tillganglig\/","title":{"rendered":"Barrierefreiheitsbericht"},"content":{"rendered":"<h3>Barrierefreiheitsbericht f\u00fcr visitnordmaling.se und Unterseiten<\/h3>\n<p>Die Gemeinde Nordmaling steht hinter dieser Website. Wir m\u00f6chten, dass m\u00f6glichst viele Menschen die Website nutzen k\u00f6nnen. In diesem Dokument wird beschrieben, wie die Website dem Gesetz \u00fcber den Zugang zu digitalen \u00f6ffentlichen Diensten, bekannten Zug\u00e4nglichkeitsproblemen und wie Sie uns M\u00e4ngel melden k\u00f6nnen, damit wir sie beheben k\u00f6nnen.<\/p>\n<p>Wir bem\u00fchen uns, dass visitnordmaling.se von allen Benutzern wahrgenommen, gehandhabt und verstanden wird, unabh\u00e4ngig von beispielsweise Behinderungen und unabh\u00e4ngig davon, welche Hilfsmittel sie verwenden.<\/p>\n<h4>Wie zug\u00e4nglich ist die Website?<\/h4>\n<p>Wir sind uns bewusst, dass Teile der Website nicht vollst\u00e4ndig zug\u00e4nglich sind. Weitere Informationen finden Sie im Abschnitt zu Inhalten, die unten nicht verf\u00fcgbar sind.<\/p>\n<ul>\n<li>Teile der Websites erf\u00fcllen beispielsweise nicht die Barrierefreiheitsprinzipien, wenn es um verf\u00fcgbaren Code geht. Wir werden mit der Planung beginnen, wie wir diese Probleme systematisch angehen werden.<\/li>\n<\/ul>\n<h4>Was k\u00f6nnen Sie tun, wenn Sie Teile der Website nicht verwenden k\u00f6nnen?<\/h4>\n<p>Wir sind st\u00e4ndig bem\u00fcht, die Zug\u00e4nglichkeit der Website zu verbessern. Wenn Sie Probleme entdecken, die auf dieser Seite nicht beschrieben sind, oder wenn Sie der Meinung sind, dass wir die gesetzlichen Anforderungen nicht erf\u00fcllen, setzen Sie sich bitte mit uns in Verbindung, um uns mitzuteilen, dass das Problem besteht.<\/p>\n<p><strong>Problem melden<\/strong><\/p>\n<p>Senden Sie eine weitere E-Mail\u00a0<a href=\"mailto:kommunikator@nordmaling.se\">communicator@nordmaling.se<\/a>\u00a0wo Sie das Problem beschreiben. Wenn Sie eine Antwort w\u00fcnschen, schreiben Sie auch Ihre Kontaktinformationen. Sie k\u00f6nnen auch 0930-14018 anrufen.<\/p>\n<h4>Aufsicht<\/h4>\n<p>Die Beh\u00f6rde f\u00fcr digitale Verwaltung ist f\u00fcr die \u00dcberwachung des Gesetzes \u00fcber den Zugang zu digitalen \u00f6ffentlichen Diensten verantwortlich. Wenn Sie mit dem Umgang mit Ihren Kommentaren nicht zufrieden sind, k\u00f6nnen Sie dies tun\u00a0<a href=\"https:\/\/www.digg.se\/tdosanmalan\" target=\"_blank\" rel=\"noopener noreferrer\">Wenden Sie sich an die Digital Administration Authority\u00a0<\/a>und tadeln es.<\/p>\n<h4>Technische Informationen zur Barrierefreiheit der Website<\/h4>\n<p>Diese Website entspricht nicht dem Gesetz \u00fcber den Zugang zu digitalen \u00f6ffentlichen Diensten. Die Website wird neu gestaltet und ist f\u00fcr die Sommersaison 2021 zug\u00e4nglich.<\/p>\n<p><strong>Nicht verf\u00fcgbare Teile:<\/strong><\/p>\n<ul>\n<li>Es gibt Videos ohne Untertitel.<\/li>\n<li>Teile der Websites entsprechen beispielsweise nicht den Grunds\u00e4tzen zur Barrierefreiheit, wenn es um verf\u00fcgbaren Code geht.<\/li>\n<\/ul>\n<h4>Wie wir die Seite getestet haben<\/h4>\n<p>Wir haben eine Selbstbewertung, einen internen Test, der Website durchgef\u00fchrt. Die letzte Bewertung wurde am 16. September 2020 vorgenommen. Die Bewertung wird im Herbst 2020 erneut vorgenommen.<\/p>\n<p><em>Der Bericht wurde zuletzt am 23.09.2020 aktualisiert.<\/em><\/p>","protected":false},"excerpt":{"rendered":"<p>Zug\u00e4nglichkeitsbericht f\u00fcr visitnordmaling.se und Unterseiten Die Gemeinde Nordmaling steht hinter dieser Website. Wir m\u00f6chten, dass m\u00f6glichst viele Menschen die Website nutzen k\u00f6nnen. In diesem Dokument wird beschrieben, wie die Website dem Gesetz \u00fcber die Zug\u00e4nglichkeit des digitalen \u00f6ffentlichen Dienstes entspricht, welche Zug\u00e4nglichkeitsprobleme bekannt sind und wie Sie uns M\u00e4ngel melden k\u00f6nnen, damit wir diese beheben k\u00f6nnen. Wir\u2026<\/p>","protected":false},"author":1,"featured_media":0,"parent":0,"menu_order":0,"comment_status":"closed","ping_status":"closed","template":"","meta":[],"_links":{"self":[{"href":"https:\/\/visitnordmaling.se\/de\/wp-json\/wp\/v2\/pages\/8241"}],"collection":[{"href":"https:\/\/visitnordmaling.se\/de\/wp-json\/wp\/v2\/pages"}],"about":[{"href":"https:\/\/visitnordmaling.se\/de\/wp-json\/wp\/v2\/types\/page"}],"author":[{"embeddable":true,"href":"https:\/\/visitnordmaling.se\/de\/wp-json\/wp\/v2\/users\/1"}],"replies":[{"embeddable":true,"href":"https:\/\/visitnordmaling.se\/de\/wp-json\/wp\/v2\/comments?post=8241"}],"version-history":[{"count":3,"href":"https:\/\/visitnordmaling.se\/de\/wp-json\/wp\/v2\/pages\/8241\/revisions"}],"predecessor-version":[{"id":8245,"href":"https:\/\/visitnordmaling.se\/de\/wp-json\/wp\/v2\/pages\/8241\/revisions\/8245"}],"wp:attachment":[{"href":"https:\/\/visitnordmaling.se\/de\/wp-json\/wp\/v2\/media?parent=8241"}],"curies":[{"name":"wp","href":"https:\/\/api.w.org\/{rel}","templated":true}]}}