{"id":11982,"date":"2025-09-16T08:38:11","date_gmt":"2025-09-16T06:38:11","guid":{"rendered":"https:\/\/visitnordmaling.se\/?page_id=11982"},"modified":"2025-09-23T09:19:35","modified_gmt":"2025-09-23T07:19:35","slug":"hajka-2025","status":"publish","type":"page","link":"https:\/\/visitnordmaling.se\/en\/hajka-2025\/","title":{"rendered":"Hajka 2025"},"content":{"rendered":"<p><section data-bb-version=\"5.3.7\" id=\"bt_bb_section6a06b123e01e5\" class=\"bt_bb_section bt_bb_layout_boxed_1200\"  data-bt-override-class=\"null\"><div class=\"bt_bb_port\"><div class=\"bt_bb_cell\"><div class=\"bt_bb_cell_inner\"><div class=\"bt_bb_row\"  data-bt-override-class=\"{}\"><div class=\"bt_bb_row_holder\" ><div data-bb-version=\"5.3.7\"  class=\"bt_bb_column col-xxl-12 col-xl-12 col-xs-12 col-sm-12 col-md-12 col-lg-12 bt_bb_vertical_align_top bt_bb_align_left bt_bb_padding_normal\" style=\"; --column-width:12;\" data-width=\"12\" data-bt-override-class=\"{}\"><div class=\"bt_bb_column_content\"><div class=\"bt_bb_column_content_inner\"><\/div><\/div><\/div><\/div><\/div><\/div><!-- cell_inner --><\/div><!-- cell --><\/div><!-- port --><\/section><section id=\"bt_bb_section6a06b123e02fb\" class=\"bt_bb_section bt_bb_layout_boxed_1200 bt_bb_vertical_align_top\"  data-bt-override-class=\"null\"><div class=\"bt_bb_port\"><div class=\"bt_bb_cell\"><div class=\"bt_bb_cell_inner\"><div class=\"bt_bb_row\"  data-bt-override-class=\"{}\"><div class=\"bt_bb_row_holder\" ><div  class=\"bt_bb_column col-xxl-12 col-xl-12 bt_bb_vertical_align_top bt_bb_align_left bt_bb_padding_normal\" style=\"; --column-width:12;\" data-width=\"12\" data-bt-override-class=\"{}\"><div class=\"bt_bb_column_content\"><div class=\"bt_bb_column_content_inner\"><div class=\"bt_bb_separator bt_bb_border_style_none bt_bb_top_spacing_normal\" data-bt-override-class=\"null\"><\/div><div  class=\"bt_bb_text\" ><\/p>\n<h3 class=\"text-align-center\" style=\"text-align: center;\"><strong>HAJKA 2025<br \/>\n3-5 oktober 2025 | Ume\u00e5regionen<\/strong><\/h3>\n<p>&nbsp;<\/p>\n<p style=\"text-align: center;\">Vandringsfestivalen <strong data-start=\"174\" data-end=\"183\">Hajka<\/strong> \u00e4ger rum den 3\u20135 oktober och samlar aktiviteter \u00f6ver hela Ume\u00e5regionen. Festivalen vill inspirera b\u00e5de vana friluftsut\u00f6vare och nyb\u00f6rjare att uppt\u00e4cka naturen p\u00e5 nya s\u00e4tt. Genom samarbetet mellan flera kommuner, d\u00e4ribland Nordmaling, synligg\u00f6rs leder och platser som annars kanske inte alltid f\u00e5r lika mycket uppm\u00e4rksamhet. F\u00f6r Nordmalings del inneb\u00e4r det en m\u00f6jlighet att visa upp regionens breda utbud av naturupplevelser.<\/p>\n<h4><\/h4>\n<p>\n<\/div><div class=\"bt_bb_separator bt_bb_border_style_none bt_bb_top_spacing_normal\" data-bt-override-class=\"null\"><\/div><div  class=\"bt_bb_text\" ><\/p>\n<h3><strong>H\u00e4r \u00e4r n\u00e5gra aktiviteter i Nordmaling du kan delta i\u00a0<\/strong><\/h3>\n<p>\n<\/div><\/div><\/div><\/div><\/div><\/div><div class=\"bt_bb_row\"  data-bt-override-class=\"{}\"><div class=\"bt_bb_row_holder\" ><div  class=\"bt_bb_column col-xxl-12 col-xl-12 bt_bb_vertical_align_top bt_bb_align_left bt_bb_padding_normal\" style=\"; --column-width:12;\" data-width=\"12\" data-bt-override-class=\"{}\"><div class=\"bt_bb_column_content\"><div class=\"bt_bb_column_content_inner\"><div class=\"bt_bb_separator bt_bb_border_style_none bt_bb_top_spacing_normal\" data-bt-override-class=\"null\"><\/div><div  class=\"bt_bb_text\" ><\/p>\n<p>&nbsp;<\/p>\n<figure id=\"attachment_11996\" aria-describedby=\"caption-attachment-11996\" style=\"width: 640px\" class=\"wp-caption alignnone\"><a href=\"https:\/\/visitnordmaling.se\/wp-content\/uploads\/2025\/09\/hangbro.png\"><img decoding=\"async\" loading=\"lazy\" class=\"wp-image-11996\" src=\"https:\/\/visitnordmaling.se\/wp-content\/uploads\/2025\/09\/hangbro-640x448.png\" alt=\"Amanda Sveed \/ Visit Ume\u00e5\" width=\"640\" height=\"448\" srcset=\"https:\/\/visitnordmaling.se\/wp-content\/uploads\/2025\/09\/hangbro-640x448.png 640w, https:\/\/visitnordmaling.se\/wp-content\/uploads\/2025\/09\/hangbro-18x12.png 18w, https:\/\/visitnordmaling.se\/wp-content\/uploads\/2025\/09\/hangbro-320x224.png 320w, https:\/\/visitnordmaling.se\/wp-content\/uploads\/2025\/09\/hangbro.png 700w\" sizes=\"(max-width: 640px) 100vw, 640px\" \/><\/a><figcaption id=\"caption-attachment-11996\" class=\"wp-caption-text\">Bild: Amanda Sveed \/ Visit Ume\u00e5<\/figcaption><\/figure>\n<h4><strong>Uppt\u00e4ck L\u00f6gde\u00e4lvsleden<\/strong><\/h4>\n<p><strong>Date:<\/strong>\u00a0L\u00f6rdag 4 oktober<br \/>\n<strong>Tid:<\/strong>\u00a0kl.10.00-14.00<\/p>\n<p><strong>Place:<\/strong>\u00a0Storfall, L\u00f6gde\u00e4lven<br \/>\n<strong>Arrang\u00f6r:<\/strong>\u00a0Nordmalings kommun<\/p>\n<p><strong>Om aktiviteten:\u00a0<\/strong>V\u00e4lkommen till Storfall \u2013 en p\u00e4rla efter L\u00f6gde\u00e4lvsleden. I n\u00e4rheten finns fina rastplatser, forsar, h\u00e4ngbro och niplandskap att uppt\u00e4cka samt en \u00f6vernattningsstuga att bes\u00f6ka. Nordmalings kommun finns p\u00e5 plats och informerar om lederna, bjuder p\u00e5 korv och fika samt arrangerar t\u00e4vlingar f\u00f6r stora och sm\u00e5. Ta med familj och v\u00e4nner och uppt\u00e4ck L\u00f6gde\u00e4lvsleden!<\/p>\n<p><strong>Sv\u00e5righetsgrad:<\/strong>\u00a0Nyb\u00f6rjare, barnfamiljen<br \/>\n<strong>Pris:<\/strong>\u00a0Gratis<br \/>\n<strong>Anm\u00e4lan:<\/strong> Ingen f\u00f6ranm\u00e4lan kr\u00e4vs<\/p>\n<p>F\u00f6r mer information kontakta Jan N\u00e4s, telefonnummer: 073-088 95 27<\/p>\n<p>\n<\/div><div class=\"bt_bb_separator bt_bb_border_style_none bt_bb_top_spacing_normal\" data-bt-override-class=\"null\"><\/div><div  class=\"bt_bb_text\" ><\/p>\n<p>&nbsp;<\/p>\n<figure id=\"attachment_11997\" aria-describedby=\"caption-attachment-11997\" style=\"width: 640px\" class=\"wp-caption aligncenter\"><a href=\"https:\/\/visitnordmaling.se\/wp-content\/uploads\/2025\/09\/tjarn.jpg\"><img decoding=\"async\" loading=\"lazy\" class=\"wp-image-11997 size-medium\" src=\"https:\/\/visitnordmaling.se\/wp-content\/uploads\/2025\/09\/tjarn-640x481.jpg\" alt=\"\" width=\"640\" height=\"481\" srcset=\"https:\/\/visitnordmaling.se\/wp-content\/uploads\/2025\/09\/tjarn-640x480.jpg 640w, https:\/\/visitnordmaling.se\/wp-content\/uploads\/2025\/09\/tjarn-768x577.jpg 768w, https:\/\/visitnordmaling.se\/wp-content\/uploads\/2025\/09\/tjarn-16x12.jpg 16w, https:\/\/visitnordmaling.se\/wp-content\/uploads\/2025\/09\/tjarn-320x240.jpg 320w, https:\/\/visitnordmaling.se\/wp-content\/uploads\/2025\/09\/tjarn.jpg 805w\" sizes=\"(max-width: 640px) 100vw, 640px\" \/><\/a><figcaption id=\"caption-attachment-11997\" class=\"wp-caption-text\">Bild: Lovisa \u00d6gren<\/figcaption><\/figure>\n<h4><span style=\"font-family: IBM Plex Sans, sans-serif;\"><b>Vandring med After Hajk p\u00e5 Tjarn<\/b><\/span><\/h4>\n<p><strong>Date:<\/strong> 4 oktober<br \/>\n<strong>Tid:<\/strong>\u00a0kl.10.30-19.00<\/p>\n<p><strong>Place:<\/strong>\u00a0Hyngelsb\u00f6le 15<br \/>\n<strong>Arrang\u00f6r:<\/strong>\u00a0R\u00e5verk<\/p>\n<p><strong>Om aktiviteten:<\/strong>\u00a0F\u00f6lj med p\u00e5 en 9 km h\u00e4rlig vandring i lummig skog l\u00e4ngs busande L\u00f6gde\u00e4lven, f\u00f6rbi ett gammalt vattenkraftverk, broar, branter och sm\u00e5 vattendrag. Under vandringen bjuds det p\u00e5 lunch. Efter vandringen blir du mottagen p\u00e5 natursk\u00f6na och rofyllda Tjarn, ett vackert gammalt g\u00e5rdstun intill \u00e4lven. H\u00e4r kan du njuta av den uppv\u00e4rmda bastun och ett dopp i \u00e4lven. Middagen tillagas utomhus p\u00e5 stekh\u00e4ll &#8211; smakerna, dofterna och gemenskapen blir kv\u00e4llens h\u00f6jdpunkt. Samtal och historier runt \u00f6ppen eld &#8211; en upplevelse f\u00f6r alla sinnen! Vid regn h\u00e5lls middagen inne i en av de vackra gamla byggnaderna.\u00a0Mer praktisk info kommer vid bokning.<\/p>\n<p><strong>Sv\u00e5righetsgrad:<\/strong>\u00a0Viss erfarenhet.<br \/>\n<strong>Pris:<\/strong>\u00a01195 kr<br \/>\n<strong>Sista anm\u00e4lningsdag:<\/strong>\u00a030 september<br \/>\n<strong>Anm\u00e4lan:<\/strong> <a href=\"https:\/\/www.instagram.com\/p\/DOeaXrBCkQu\/?igsh=MXRiNGpmbTBzY2N5MA%3D%3D\">Boka din plats h\u00e4r!<\/a><\/p>\n<p>Vid bokning, ange ev. allergier. Eventet st\u00e4lls in vid f\u00f6r f\u00e5 deltagare.<\/p>\n<p>\n<\/div><\/div><\/div><\/div><\/div><\/div><div class=\"bt_bb_row\"  data-bt-override-class=\"{}\"><div class=\"bt_bb_row_holder\" ><\/div><\/div><\/div><!-- cell_inner --><\/div><!-- cell --><\/div><!-- port --><\/section><\/p>","protected":false},"excerpt":{"rendered":"","protected":false},"author":8,"featured_media":11993,"parent":0,"menu_order":0,"comment_status":"closed","ping_status":"closed","template":"","meta":[],"_links":{"self":[{"href":"https:\/\/visitnordmaling.se\/en\/wp-json\/wp\/v2\/pages\/11982"}],"collection":[{"href":"https:\/\/visitnordmaling.se\/en\/wp-json\/wp\/v2\/pages"}],"about":[{"href":"https:\/\/visitnordmaling.se\/en\/wp-json\/wp\/v2\/types\/page"}],"author":[{"embeddable":true,"href":"https:\/\/visitnordmaling.se\/en\/wp-json\/wp\/v2\/users\/8"}],"replies":[{"embeddable":true,"href":"https:\/\/visitnordmaling.se\/en\/wp-json\/wp\/v2\/comments?post=11982"}],"version-history":[{"count":12,"href":"https:\/\/visitnordmaling.se\/en\/wp-json\/wp\/v2\/pages\/11982\/revisions"}],"predecessor-version":[{"id":12003,"href":"https:\/\/visitnordmaling.se\/en\/wp-json\/wp\/v2\/pages\/11982\/revisions\/12003"}],"wp:featuredmedia":[{"embeddable":true,"href":"https:\/\/visitnordmaling.se\/en\/wp-json\/wp\/v2\/media\/11993"}],"wp:attachment":[{"href":"https:\/\/visitnordmaling.se\/en\/wp-json\/wp\/v2\/media?parent=11982"}],"curies":[{"name":"wp","href":"https:\/\/api.w.org\/{rel}","templated":true}]}}