{"id":5936,"date":"2020-04-27T16:53:27","date_gmt":"2020-04-27T14:53:27","guid":{"rendered":"https:\/\/visitnordmaling.se\/?page_id=5936"},"modified":"2025-06-19T14:20:07","modified_gmt":"2025-06-19T12:20:07","slug":"fiske","status":"publish","type":"page","link":"https:\/\/visitnordmaling.se\/en\/fiske\/","title":{"rendered":"Fiske &#8211; naturupplevelser och napp ut\u00f6ver det vanliga"},"content":{"rendered":"<section id=\"bt_bb_section6a057b69c7a5f\" class=\"bt_bb_section bt_bb_layout_boxed_1200\"  data-bt-override-class=\"null\"><div class=\"bt_bb_port\"><div class=\"bt_bb_cell\"><div class=\"bt_bb_cell_inner\"><div class=\"bt_bb_row\"  data-bt-override-class=\"{}\"><div class=\"bt_bb_row_holder\" ><div  class=\"bt_bb_column col-xxl-12 col-xl-12 col-xs-12 col-sm-12 col-md-12 col-lg-12 bt_bb_vertical_align_top bt_bb_align_left bt_bb_padding_normal\" style=\"; --column-width:12;\" data-width=\"12\" data-bt-override-class=\"{}\"><div class=\"bt_bb_column_content\"><div class=\"bt_bb_column_content_inner\"><div class=\"bt_bb_image bt_bb_shape_square bt_bb_target_self bt_bb_align_right bt_bb_hover_style_simple bt_bb_content_display_always bt_bb_content_align_middle\" data-bt-override-class=\"{}\"><span><img width=\"640\" height=\"373\" src=\"https:\/\/visitnordmaling.se\/wp-content\/uploads\/2020\/04\/3396177-fiske-640x373.jpg\" class=\"attachment-boldthemes_medium_rectangle size-boldthemes_medium_rectangle\" alt=\"https:\/\/visitnordmaling.se\/wp-content\/uploads\/2020\/04\/3396177-fiske-640x373.jpg\" decoding=\"async\" loading=\"lazy\" data-full_image_src=\"https:\/\/visitnordmaling.se\/wp-content\/uploads\/2020\/04\/3396177-fiske.jpg\" title=\"3396177 fishing\" \/><\/span><\/div><div data-bb-version=\"5.3.6\" class=\"bt_bb_separator bt_bb_border_style_none bt_bb_top_spacing_large bt_bb_bottom_spacing_normal\" data-bt-override-class=\"{&quot;bt_bb_top_spacing_&quot;:{&quot;current_class&quot;:&quot;bt_bb_top_spacing_large&quot;,&quot;xxl&quot;:&quot;large&quot;},&quot;bt_bb_bottom_spacing_&quot;:{&quot;current_class&quot;:&quot;bt_bb_bottom_spacing_normal&quot;,&quot;xxl&quot;:&quot;normal&quot;,&quot;xl&quot;:&quot;normal&quot;,&quot;lg&quot;:&quot;normal&quot;}}\"><\/div><div  class=\"bt_bb_text\" ><\/p>\n<h6 data-start=\"187\" data-end=\"546\">Nordmalings kommun bjuder p\u00e5 fantastiska fiskem\u00f6jligheter i storslagen natur.<\/h6>\n<p data-start=\"187\" data-end=\"546\">Med de tv\u00e5 st\u00f6rre \u00e4lvarna, \u00d6re\u00e4lven och L\u00f6gde\u00e4lven, samt ett rikt n\u00e4tverk av \u00e5ar, sj\u00f6ar och kustvatten, finns n\u00e5got f\u00f6r alla \u2013 oavsett om du \u00e4r sportfiskare eller nyb\u00f6rjare. H\u00e4r kan du uppleva allt fr\u00e5n fiske i forsande \u00e4lvar till stillsamt mete vid en spegelblank skogstj\u00e4rn.<\/p>\n<p data-start=\"548\" data-end=\"854\">F\u00f6r att fiska i insj\u00f6ar, \u00e5ar och \u00e4lvar kr\u00e4vs giltigt fiskekort f\u00f6r det aktuella omr\u00e5det. F\u00f6r fiske i havet beh\u00f6vs d\u00e4remot inget fiskekort. T\u00e4nk p\u00e5 att under h\u00f6stens lekperiod r\u00e5der fiskef\u00f6rbud i b\u00e5de \u00d6re\u00e4lven och L\u00f6gde\u00e4lven \u2013 detta f\u00f6r att skydda fiskbest\u00e5nden och s\u00e4kerst\u00e4lla h\u00e5llbart fiske f\u00f6r framtiden.<\/p>\n<p>\n<\/div><div data-bb-version=\"5.3.6\" class=\"bt_bb_separator bt_bb_border_style_none bt_bb_top_spacing_small bt_bb_bottom_spacing_small\" data-bt-override-class=\"{&quot;bt_bb_top_spacing_&quot;:{&quot;current_class&quot;:&quot;bt_bb_top_spacing_small&quot;,&quot;xxl&quot;:&quot;small&quot;},&quot;bt_bb_bottom_spacing_&quot;:{&quot;current_class&quot;:&quot;bt_bb_bottom_spacing_small&quot;,&quot;xxl&quot;:&quot;small&quot;}}\"><\/div><header class=\"bt_bb_headline bt_bb_dash_none bt_bb_size_inherit bt_bb_align_inherit\" data-bt-override-class=\"{}\"><h4 class=\"bt_bb_headline_tag\"><span class=\"bt_bb_headline_content\"><span>\u00d6re\u00e4lven<\/span><\/span><\/h4><\/header><div  class=\"bt_bb_text\" ><\/p>\n<p>Aktuell information och fiskekortspriser finns p\u00e5 \u00d6re\u00e4lvens FVO<a href=\"https:\/\/orealven.laxportalen.se\/\"> sida p\u00e5 laxportalen<\/a>.<\/p>\n<p>\n<\/div><div data-bb-version=\"5.3.6\" class=\"bt_bb_separator bt_bb_border_style_none bt_bb_top_spacing_small bt_bb_bottom_spacing_small\" data-bt-override-class=\"{&quot;bt_bb_top_spacing_&quot;:{&quot;current_class&quot;:&quot;bt_bb_top_spacing_small&quot;,&quot;xxl&quot;:&quot;small&quot;},&quot;bt_bb_bottom_spacing_&quot;:{&quot;current_class&quot;:&quot;bt_bb_bottom_spacing_small&quot;,&quot;xxl&quot;:&quot;small&quot;}}\"><\/div><header class=\"bt_bb_headline bt_bb_dash_none bt_bb_size_inherit bt_bb_align_inherit\" data-bt-override-class=\"{}\"><h5 class=\"bt_bb_headline_tag\"><span class=\"bt_bb_headline_content\"><span>Shopping places<\/span><\/span><\/h5><\/header><div  class=\"bt_bb_text\" ><\/p>\n<p>Fiskekort k\u00f6pes hos <a href=\"https:\/\/maps.app.goo.gl\/n4HdcmoyoQ4SBY5m7\">Sandstr\u00f6m Spor<\/a>t, <a href=\"https:\/\/orealven.laxportalen.se\/\">Laxportalen<\/a> samt <a href=\"https:\/\/maps.app.goo.gl\/BF3AujoosNE7ePZW7\">ICA N\u00e4ra Gr\u00e4smyr<\/a>.<\/p>\n<p>\n<\/div><div data-bb-version=\"5.3.6\" class=\"bt_bb_separator bt_bb_border_style_none bt_bb_top_spacing_small bt_bb_bottom_spacing_small\" data-bt-override-class=\"{&quot;bt_bb_top_spacing_&quot;:{&quot;current_class&quot;:&quot;bt_bb_top_spacing_small&quot;,&quot;xxl&quot;:&quot;small&quot;},&quot;bt_bb_bottom_spacing_&quot;:{&quot;current_class&quot;:&quot;bt_bb_bottom_spacing_small&quot;,&quot;xxl&quot;:&quot;small&quot;}}\"><\/div><header data-bb-version=\"5.3.6\" class=\"bt_bb_headline bt_bb_dash_none bt_bb_size_inherit bt_bb_align_inherit\" data-bt-override-class=\"{&quot;bt_bb_size_&quot;:{&quot;current_class&quot;:&quot;bt_bb_size_inherit&quot;,&quot;xxl&quot;:&quot;inherit&quot;},&quot;bt_bb_align_&quot;:{&quot;current_class&quot;:&quot;bt_bb_align_inherit&quot;,&quot;xxl&quot;:&quot;inherit&quot;},&quot;bt_bb_animation_&quot;:{&quot;current_class&quot;:&quot;bt_bb_animation_no_animation&quot;,&quot;xxl&quot;:&quot;no_animation&quot;}}\"><h4 class=\"bt_bb_headline_tag\"><span class=\"bt_bb_headline_content\"><span>L\u00f6gde\u00e4lvens FVO, Mo-L\u00f6gde\u00e5 FVO, Abborrtr\u00e4sket och Vin\u00e5stj\u00e4rn<\/span><\/span><\/h4><\/header><div  class=\"bt_bb_text\" ><\/p>\n<p>L\u00f6gde\u00e4lven \u00e4r uppdelat i tv\u00e5 fiskekort: Mo-L\u00f6gde\u00e5 FVO (nedre delen av \u00e4lven) samt L\u00f6gde\u00e4lvens FVO (\u00f6vre delen av \u00e4lven).<\/p>\n<p>F\u00f6r sj\u00f6arna Abborrtr\u00e4sket och Vin\u00e5stj\u00e4rn g\u00e4ller separat fiskekort.<\/p>\n<p>\n<\/div><div data-bb-version=\"5.3.6\" class=\"bt_bb_separator bt_bb_border_style_none bt_bb_top_spacing_small bt_bb_bottom_spacing_small\" data-bt-override-class=\"{&quot;bt_bb_top_spacing_&quot;:{&quot;current_class&quot;:&quot;bt_bb_top_spacing_small&quot;,&quot;xxl&quot;:&quot;small&quot;},&quot;bt_bb_bottom_spacing_&quot;:{&quot;current_class&quot;:&quot;bt_bb_bottom_spacing_small&quot;,&quot;xxl&quot;:&quot;small&quot;}}\"><\/div><header data-bb-version=\"5.3.6\" class=\"bt_bb_headline bt_bb_dash_none bt_bb_size_inherit bt_bb_align_inherit\" data-bt-override-class=\"{&quot;bt_bb_size_&quot;:{&quot;current_class&quot;:&quot;bt_bb_size_inherit&quot;,&quot;xxl&quot;:&quot;inherit&quot;},&quot;bt_bb_align_&quot;:{&quot;current_class&quot;:&quot;bt_bb_align_inherit&quot;,&quot;xxl&quot;:&quot;inherit&quot;},&quot;bt_bb_animation_&quot;:{&quot;current_class&quot;:&quot;bt_bb_animation_no_animation&quot;,&quot;xxl&quot;:&quot;no_animation&quot;}}\"><h5 class=\"bt_bb_headline_tag\"><span class=\"bt_bb_headline_content\"><span>Shopping places<\/span><\/span><\/h5><\/header><div  class=\"bt_bb_text\" ><\/p>\n<p>Aktuella fiskekortspriser och mer information finns p\u00e5 <a href=\"https:\/\/logdealven.nu\/\">logdealven.nu<\/a><\/p>\n<p>Fiskekort k\u00f6pes p\u00e5 <a href=\"https:\/\/logdealven.laxportalen.se\/\">Laxportalen<\/a>, finns \u00e4ven tillg\u00e4ngligt p\u00e5 <a href=\"https:\/\/maps.app.goo.gl\/jzwSH9vXSoDJtGoc7\">Sandstr\u00f6ms Sport<\/a><\/p>\n<p>\n<\/div><div data-bb-version=\"5.3.6\" class=\"bt_bb_separator bt_bb_border_style_none bt_bb_top_spacing_small bt_bb_bottom_spacing_normal\" data-bt-override-class=\"{&quot;bt_bb_top_spacing_&quot;:{&quot;current_class&quot;:&quot;bt_bb_top_spacing_small&quot;,&quot;xxl&quot;:&quot;small&quot;},&quot;bt_bb_bottom_spacing_&quot;:{&quot;current_class&quot;:&quot;bt_bb_bottom_spacing_normal&quot;,&quot;xxl&quot;:&quot;normal&quot;}}\"><\/div><header class=\"bt_bb_headline bt_bb_dash_none bt_bb_size_inherit bt_bb_align_inherit\" data-bt-override-class=\"{}\"><h4 class=\"bt_bb_headline_tag\"><span class=\"bt_bb_headline_content\"><span>Maps<\/span><\/span><\/h4><\/header><div  class=\"bt_bb_text\" ><\/p>\n<p><a href=\"\/wp-content\/uploads\/2020\/04\/logdealven_karta.pdf\">Map L\u00f6gde\u00e4lvsleden<\/a><\/p>\n<p><a href=\"https:\/\/visitnordmaling.se\/wp-content\/uploads\/2020\/04\/karta_orealven.pdf\">Map \u00d6realvsleden<\/a><\/p>\n<p>\n<\/div><div data-bb-version=\"5.3.6\" class=\"bt_bb_separator bt_bb_border_style_none bt_bb_top_spacing_normal bt_bb_bottom_spacing_small\" data-bt-override-class=\"{&quot;bt_bb_top_spacing_&quot;:{&quot;current_class&quot;:&quot;bt_bb_top_spacing_normal&quot;,&quot;xxl&quot;:&quot;normal&quot;},&quot;bt_bb_bottom_spacing_&quot;:{&quot;current_class&quot;:&quot;bt_bb_bottom_spacing_small&quot;,&quot;xxl&quot;:&quot;small&quot;}}\"><\/div><header class=\"bt_bb_headline bt_bb_dash_none bt_bb_size_inherit bt_bb_align_inherit\" data-bt-override-class=\"{}\"><h4 class=\"bt_bb_headline_tag\"><span class=\"bt_bb_headline_content\"><span>Fisheries management rules<\/span><\/span><\/h4><\/header><div  class=\"bt_bb_text\" ><\/p>\n<p>On the Swedish Maritime Administration&#039;s website, you will find information on fisheries management rules:<\/p>\n<p><a href=\"https:\/\/www.havochvatten.se\/4.312592e01301d75352380003077.html\">The Swedish Maritime Administration<\/a><\/p>\n<p>\n<\/div><\/div><\/div><\/div><\/div><\/div><\/div><!-- cell_inner --><\/div><!-- cell --><\/div><!-- port --><\/section>","protected":false},"excerpt":{"rendered":"","protected":false},"author":1,"featured_media":5937,"parent":0,"menu_order":0,"comment_status":"closed","ping_status":"closed","template":"","meta":[],"_links":{"self":[{"href":"https:\/\/visitnordmaling.se\/en\/wp-json\/wp\/v2\/pages\/5936"}],"collection":[{"href":"https:\/\/visitnordmaling.se\/en\/wp-json\/wp\/v2\/pages"}],"about":[{"href":"https:\/\/visitnordmaling.se\/en\/wp-json\/wp\/v2\/types\/page"}],"author":[{"embeddable":true,"href":"https:\/\/visitnordmaling.se\/en\/wp-json\/wp\/v2\/users\/1"}],"replies":[{"embeddable":true,"href":"https:\/\/visitnordmaling.se\/en\/wp-json\/wp\/v2\/comments?post=5936"}],"version-history":[{"count":18,"href":"https:\/\/visitnordmaling.se\/en\/wp-json\/wp\/v2\/pages\/5936\/revisions"}],"predecessor-version":[{"id":11810,"href":"https:\/\/visitnordmaling.se\/en\/wp-json\/wp\/v2\/pages\/5936\/revisions\/11810"}],"wp:featuredmedia":[{"embeddable":true,"href":"https:\/\/visitnordmaling.se\/en\/wp-json\/wp\/v2\/media\/5937"}],"wp:attachment":[{"href":"https:\/\/visitnordmaling.se\/en\/wp-json\/wp\/v2\/media?parent=5936"}],"curies":[{"name":"wp","href":"https:\/\/api.w.org\/{rel}","templated":true}]}}