{"id":6410,"date":"2020-05-02T16:30:49","date_gmt":"2020-05-02T14:30:49","guid":{"rendered":"https:\/\/visitnordmaling.se\/?page_id=6410"},"modified":"2023-03-20T08:27:33","modified_gmt":"2023-03-20T07:27:33","slug":"jarnashalvon","status":"publish","type":"page","link":"https:\/\/visitnordmaling.se\/en\/guiden\/jarnashalvon\/","title":{"rendered":"Nature on the J\u00e4rn\u00e4shalv\u00f6n"},"content":{"rendered":"<p><section id=\"bt_bb_section6a076736be9b0\" class=\"bt_bb_section bt_bb_layout_boxed_1200\"  data-bt-override-class=\"null\"><div class=\"bt_bb_port\"><div class=\"bt_bb_cell\"><div class=\"bt_bb_cell_inner\"><div class=\"bt_bb_row\"  data-bt-override-class=\"{}\"><div class=\"bt_bb_row_holder\" ><div  class=\"bt_bb_column col-xxl-12 col-xl-12 bt_bb_vertical_align_top bt_bb_align_right bt_bb_padding_normal\" style=\"; --column-width:12;\" data-width=\"12\" data-bt-override-class=\"{}\"><div class=\"bt_bb_column_content\"><div class=\"bt_bb_column_content_inner\"><div class=\"bt_bb_button bt_bb_color_scheme_6 bt_bb_icon_position_left bt_bb_style_filled bt_bb_size_small bt_bb_width_inline bt_bb_shape_inherit bt_bb_target_self bt_bb_align_inherit\" style=\"; --primary-color:#ffffff; --secondary-color:#356140;\" data-bt-override-class=\"{}\"><a href=\"\/en\/?listing-region=jarnashalvon\" target=\"_self\" class=\"bt_bb_link\" title=\"Search by map\"><span class=\"bt_bb_button_text\" >Search by map<\/span><span  data-ico-fontawesome=\"&#xf002;\" class=\"bt_bb_icon_holder\"><\/span><\/a><\/div><div class=\"bt_bb_separator bt_bb_border_style_none bt_bb_top_spacing_normal bt_bb_bottom_spacing_normal\" data-bt-override-class=\"null\"><\/div><\/div><\/div><\/div><\/div><\/div><div class=\"bt_bb_row\"  data-bt-override-class=\"{}\"><div class=\"bt_bb_row_holder\" ><div  class=\"bt_bb_column col-xxl-6 col-xl-6 bt_bb_vertical_align_top bt_bb_align_left bt_bb_padding_normal\" style=\"; --column-width:6;\" data-width=\"6\" data-bt-override-class=\"{}\"><div class=\"bt_bb_column_content\"><div class=\"bt_bb_column_content_inner\"><div  class=\"bt_bb_text\" ><\/p>\n<p>The J\u00e4rn\u00e4s area is dominated by rocky terrain with pine forests and bogs in the slums, clapper fields with beach embankments and block beaches with sparse vegetation. The peninsula is located in the uplift region and houses one of the most beautifully trained coastal-type drumlin areas in the whole country.\u00a0<\/p>\n<p><!-- \/wp:paragraph --><\/p>\n<p><!-- wp:paragraph --><\/p>\n<p>Drumliner and drumlinoid forms occupy a relatively large part of the J\u00e4rn\u00e4s Peninsula and between them are elongated bogs. The moraine forms here reach 20\u201325 meters above sea level and a length of 400\u20132,600 meters and a width of 100\u2013300 meters. Most drum lines have a core of visible solid rock, usually in the northern part, ie on the impact side. They extend in a north \u2013 south direction and give the landscape a characteristic appearance, which is further enhanced by the lake contours and the elongated bogs.<\/p>\n<p>\n<\/div><\/div><\/div><\/div><div  class=\"bt_bb_column col-xxl-6 col-xl-6 bt_bb_vertical_align_top bt_bb_align_left bt_bb_padding_normal\" style=\"; --column-width:6;\" data-width=\"6\" data-bt-override-class=\"{}\"><div class=\"bt_bb_column_content\"><div class=\"bt_bb_column_content_inner\"><div  class=\"bt_bb_text\" ><\/p>\n<p>The drum information is also reflected in the coastal contour, which is particularly clear between J\u00e4rn\u00e4sudden and Tj\u00e4rusk\u00e4ret. J\u00e4rn\u00e4s cape is interesting from a geological point of view because the bedrock consists of ionic diabase with \ufb02 ack precipitation, which is the youngest bedrock on our coast, almost 1.2 million years old. On the headland there are also beautifully ground round slabs 10\u201315 meters above sea level.<\/p>\n<p><!-- \/wp:paragraph --><\/p>\n<p><!-- wp:paragraph --><\/p>\n<p>The partly forested J\u00e4rn\u00e4s Islands just outside the peninsula itself are a valuable breeding bird area. An inventory in 1976 counted a total of 559 breeding pairs of 19 bird species, mainly ducks and whitebirds, in an area of just under 50 hectares. A large number of birds stretch past J\u00e4rn\u00e4s cape during the autumn migration. During 18 days in the autumn of 1982, more than 16,000 individuals of at least 93 species were counted.<\/p>\n<p>\n<\/div><\/div><\/div><\/div><\/div><\/div><\/div><!-- cell_inner --><\/div><!-- cell --><\/div><!-- port --><\/section><section id=\"bt_bb_section6a076736bf2a4\" class=\"bt_bb_section bt_bb_layout_boxed_1200\"  data-bt-override-class=\"null\"><div class=\"bt_bb_port\"><div class=\"bt_bb_cell\"><div class=\"bt_bb_cell_inner\"><div class=\"bt_bb_row\"  data-bt-override-class=\"{}\"><div class=\"bt_bb_row_holder\" ><div  class=\"bt_bb_column col-xxl-12 col-xl-12 bt_bb_vertical_align_top bt_bb_align_left bt_bb_padding_normal\" style=\"; --column-width:12;\" data-width=\"12\" data-bt-override-class=\"{}\"><div class=\"bt_bb_column_content\"><div class=\"bt_bb_column_content_inner\"><div class=\"bt_bb_separator bt_bb_border_style_none bt_bb_top_spacing_normal bt_bb_bottom_spacing_normal\" data-bt-override-class=\"null\"><\/div><div class=\"bt_bb_featured_listings bt_bb_grid_container bt_bb_featured_listing_grid bt_bb_columns_2 bt_bb_gap_no_gap\" data-columns=\"2\"><div class=\"bt_bb_post_grid_loader\"><\/div><div class=\"bt_bb_masonry_post_grid_content bt_bb_grid_hide\" data-bt-nonce=\"53689b52f6\" data-sorting-listing=\"1\" data-number-listing=\"1000\" data-format-listing=\"\" data-category-listing=\"natur\"  data-post-type=\"listing\" data-show-listing=\"a%3A4%3A%7Bs%3A7%3A%22excerpt%22%3Bb%3A0%3Bs%3A5%3A%22title%22%3Bb%3A0%3Bs%3A8%3A%22featured%22%3Bb%3A0%3Bs%3A7%3A%22sorting%22%3Bs%3A1%3A%221%22%3B%7D\" data-show-type=\"bt_bb_featured_listing_grid\" data-region-listing=\"jarnashalvon\"><div class=\"bt_bb_grid_sizer\"><\/div><\/div><\/div><\/div><\/div><\/div><\/div><\/div><\/div><!-- cell_inner --><\/div><!-- cell --><\/div><!-- port --><\/section><\/p>","protected":false},"excerpt":{"rendered":"","protected":false},"author":1,"featured_media":6464,"parent":6393,"menu_order":0,"comment_status":"closed","ping_status":"closed","template":"","meta":[],"_links":{"self":[{"href":"https:\/\/visitnordmaling.se\/en\/wp-json\/wp\/v2\/pages\/6410"}],"collection":[{"href":"https:\/\/visitnordmaling.se\/en\/wp-json\/wp\/v2\/pages"}],"about":[{"href":"https:\/\/visitnordmaling.se\/en\/wp-json\/wp\/v2\/types\/page"}],"author":[{"embeddable":true,"href":"https:\/\/visitnordmaling.se\/en\/wp-json\/wp\/v2\/users\/1"}],"replies":[{"embeddable":true,"href":"https:\/\/visitnordmaling.se\/en\/wp-json\/wp\/v2\/comments?post=6410"}],"version-history":[{"count":7,"href":"https:\/\/visitnordmaling.se\/en\/wp-json\/wp\/v2\/pages\/6410\/revisions"}],"predecessor-version":[{"id":10135,"href":"https:\/\/visitnordmaling.se\/en\/wp-json\/wp\/v2\/pages\/6410\/revisions\/10135"}],"up":[{"embeddable":true,"href":"https:\/\/visitnordmaling.se\/en\/wp-json\/wp\/v2\/pages\/6393"}],"wp:featuredmedia":[{"embeddable":true,"href":"https:\/\/visitnordmaling.se\/en\/wp-json\/wp\/v2\/media\/6464"}],"wp:attachment":[{"href":"https:\/\/visitnordmaling.se\/en\/wp-json\/wp\/v2\/media?parent=6410"}],"curies":[{"name":"wp","href":"https:\/\/api.w.org\/{rel}","templated":true}]}}